{"id":403,"date":"2024-10-01T16:57:39","date_gmt":"2024-10-01T22:57:39","guid":{"rendered":"http:\/\/tusantopostre.com\/?page_id=403"},"modified":"2024-10-01T23:11:20","modified_gmt":"2024-10-02T05:11:20","slug":"como-hacer-un-pedido","status":"publish","type":"page","link":"https:\/\/tusantopostre.com\/wp\/como-hacer-un-pedido\/","title":{"rendered":"C\u00f3mo hacer un pedido"},"content":{"rendered":"\t\t<div data-elementor-type=\"wp-page\" data-elementor-id=\"403\" class=\"elementor elementor-403\">\n\t\t\t\t<div class=\"elementor-element elementor-element-65f02b8 e-flex e-con-boxed e-con e-parent\" data-id=\"65f02b8\" data-element_type=\"container\">\n\t\t\t\t\t<div class=\"e-con-inner\">\n\t\t\t\t<div class=\"elementor-element elementor-element-d9ad546 elementor-widget elementor-widget-text-editor\" data-id=\"d9ad546\" data-element_type=\"widget\" data-widget_type=\"text-editor.default\">\n\t\t\t\t<div class=\"elementor-widget-container\">\n\t\t\t\t\t\t\t\t\t<div class=\"content user-select-text\" tabindex=\"0\" aria-description=\"\" aria-label=\"Sent by Copilot: Aqu\u00ed tienes el texto corregido: --- **Favor revisar texto de C\u00d3MO HACER UN PEDIDO** Nuestra reposter\u00eda es 100% artesanal, por lo que es importante que tomes en cuenta los tiempos de elaboraci\u00f3n y de entrega para tu pr\u00f3ximo pedido. 1. Los pedidos deben realizarse al menos con 5 d\u00edas de antelaci\u00f3n a la fecha en que se requiere el postre. 2. Dentro del cat\u00e1logo de WhatsApp encontrar\u00e1s la opci\u00f3n de enviarnos un mensaje con tus consultas o dudas antes de elegir un postre. 3. Debes elegir el o los postres de tu preferencia y agregarlos a tu carrito de compra. 4. Puedes realizar consultas dentro del mensaje de compras. 5. Con gusto atenderemos tu mensaje de manera oportuna. 6. Puedes pagar v\u00eda Sinpe M\u00f3vil (solo en Costa Rica) al mismo n\u00famero de WhatsApp (64641077) o bien consultar por otras formas de pago. 7. Si gustas, puedes retirar tu postre de forma personal. Tambi\u00e9n podemos entregarlo en el lugar que nos indiques, por un costo adicional (solo cantones cercanos al cant\u00f3n central de San Jos\u00e9). Gracias por tu preferencia, \u00a1esperamos con gusto tu pedido! --- Espero que esto sea de ayuda. \u00bfHay algo m\u00e1s en lo que pueda asistirte?\"><div class=\"ac-container ac-adaptiveCard\"><div class=\"ac-textBlock\"><p><em><strong><span style=\"font-family: georgia, palatino, serif;\">Nuestra reposter\u00eda es 100% artesanal, por lo que es importante que tomes en cuenta los tiempos de elaboraci\u00f3n y de entrega para tu pr\u00f3ximo pedido.<\/span><\/strong><\/em><\/p><ol><li><span style=\"font-family: georgia, palatino, serif;\">Los pedidos deben realizarse al menos con 5 d\u00edas de antelaci\u00f3n a la fecha en que se requiere el postre.<\/span><\/li><li><span style=\"font-family: georgia, palatino, serif;\">Dentro del <em><strong><a href=\"https:\/\/wa.me\/c\/50664641077\" target=\"_blank\" rel=\"noopener\">cat\u00e1logo de WhatsApp<\/a><\/strong><\/em> encontrar\u00e1s la opci\u00f3n de enviarnos un mensaje con tus consultas o dudas antes de elegir un postre.<\/span><\/li><li><span style=\"font-family: georgia, palatino, serif;\">Debes elegir el o los postres de tu preferencia y agregarlos a tu carrito de compra.<\/span><\/li><li><span style=\"font-family: georgia, palatino, serif;\">Puedes realizar consultas dentro del mensaje de compras.<\/span><\/li><li><span style=\"font-family: georgia, palatino, serif;\">Con gusto atenderemos tu mensaje de manera oportuna.<\/span><\/li><li><span style=\"font-family: georgia, palatino, serif;\">Puedes pagar v\u00eda Sinpe M\u00f3vil (solo en Costa Rica) al mismo n\u00famero de WhatsApp (64641077) o bien consultar por otras formas de pago.<\/span><\/li><li><span style=\"font-family: georgia, palatino, serif;\">Si gustas, puedes retirar tu postre de forma personal. Tambi\u00e9n podemos entregarlo en el lugar que nos indiques, por un costo adicional (solo cantones cercanos al cant\u00f3n central de San Jos\u00e9).<\/span><\/li><\/ol><p><strong><em><span style=\"font-family: georgia, palatino, serif;\">Gracias por tu preferencia, \u00a1esperamos con gusto tu pedido!<\/span><\/em><\/strong><\/p><ul><li><strong><em><a href=\"https:\/\/wa.me\/c\/50664641077\" target=\"_blank\" rel=\"noopener\"><span style=\"font-family: georgia, palatino, serif;\">Visita nuestro cat\u00e1logo de WhatsApp<\/span><\/a><\/em><\/strong><\/li><li><a href=\"http:\/\/tusantopostre.com\/publicaciones\/\" target=\"_blank\" rel=\"noopener\"><strong><em><span style=\"font-family: georgia, palatino, serif;\">Visita nuestros productos<\/span><\/em><\/strong><\/a><\/li><\/ul><\/div><\/div><\/div>\t\t\t\t\t\t\t\t<\/div>\n\t\t\t\t<\/div>\n\t\t\t\t\t<\/div>\n\t\t\t\t<\/div>\n\t\t\t\t<\/div>\n\t\t","protected":false},"excerpt":{"rendered":"<p>Nuestra reposter\u00eda es 100% artesanal, por lo que es importante que tomes en cuenta los tiempos de elaboraci\u00f3n y de entrega para tu pr\u00f3ximo pedido. Los pedidos deben realizarse al menos con 5 d\u00edas de antelaci\u00f3n a la fecha en que se requiere el postre. Dentro del cat\u00e1logo de WhatsApp encontrar\u00e1s la opci\u00f3n de enviarnos [&hellip;]<\/p>\n","protected":false},"author":1,"featured_media":0,"parent":0,"menu_order":0,"comment_status":"closed","ping_status":"closed","template":"","meta":{"iawp_total_views":34,"footnotes":""},"class_list":["post-403","page","type-page","status-publish","hentry"],"publishpress_future_action":{"enabled":false,"date":"2026-04-24 05:23:31","action":"change-status","newStatus":"draft","terms":[],"taxonomy":""},"publishpress_future_workflow_manual_trigger":{"enabledWorkflows":[]},"_links":{"self":[{"href":"https:\/\/tusantopostre.com\/wp\/wp-json\/wp\/v2\/pages\/403","targetHints":{"allow":["GET"]}}],"collection":[{"href":"https:\/\/tusantopostre.com\/wp\/wp-json\/wp\/v2\/pages"}],"about":[{"href":"https:\/\/tusantopostre.com\/wp\/wp-json\/wp\/v2\/types\/page"}],"author":[{"embeddable":true,"href":"https:\/\/tusantopostre.com\/wp\/wp-json\/wp\/v2\/users\/1"}],"replies":[{"embeddable":true,"href":"https:\/\/tusantopostre.com\/wp\/wp-json\/wp\/v2\/comments?post=403"}],"version-history":[{"count":22,"href":"https:\/\/tusantopostre.com\/wp\/wp-json\/wp\/v2\/pages\/403\/revisions"}],"predecessor-version":[{"id":567,"href":"https:\/\/tusantopostre.com\/wp\/wp-json\/wp\/v2\/pages\/403\/revisions\/567"}],"wp:attachment":[{"href":"https:\/\/tusantopostre.com\/wp\/wp-json\/wp\/v2\/media?parent=403"}],"curies":[{"name":"wp","href":"https:\/\/api.w.org\/{rel}","templated":true}]}}